{"id":2,"date":"2015-01-18T00:06:46","date_gmt":"2015-01-18T00:06:46","guid":{"rendered":"http:\/\/loft.nazwa.pl\/Belle\/?page_id=2"},"modified":"2015-01-21T23:02:00","modified_gmt":"2015-01-21T23:02:00","slug":"przykladowa-strona","status":"publish","type":"page","link":"https:\/\/belle-epoque.org\/","title":{"rendered":"DJ Service"},"content":{"rendered":"<p><img loading=\"lazy\" decoding=\"async\" class=\"alignnone wp-image-108 size-full\" src=\"http:\/\/belle-epoque.org\/wp-content\/uploads\/2015\/01\/bez\u00c2-tytu\u0139\u201au.jpg\" alt=\"bez\u00c2\u00a0tytu\u0139\u201au\" width=\"454\" height=\"174\" srcset=\"https:\/\/belle-epoque.org\/wp-content\/uploads\/2015\/01\/bez\u00c2-tytu\u0139\u201au.jpg 454w, https:\/\/belle-epoque.org\/wp-content\/uploads\/2015\/01\/bez\u00c2-tytu\u0139\u201au-300x115.jpg 300w\" sizes=\"auto, (max-width: 454px) 100vw, 454px\" \/><\/p>\n<p>Oferujemy naprawy sprz\u0119tu:<\/p>\n<p>sound and light,<\/p>\n<p>kontroler\u00f3w DJ (gniazda USB itd),<\/p>\n<p>mixer\u00f3w audio, cd player\u00f3w, gramofon\u00f3w\u00a0itd,<\/p>\n<p>laptop\u00f3w &#8211; gnizada zasilania itd,<\/p>\n<p><a href=\"http:\/\/belle-epoque.org\/wp-content\/uploads\/2015\/01\/dscf4821.jpg\"><img loading=\"lazy\" decoding=\"async\" class=\"alignnone size-medium wp-image-112\" src=\"http:\/\/belle-epoque.org\/wp-content\/uploads\/2015\/01\/dscf4821-300x225.jpg\" alt=\"dscf4821\" width=\"300\" height=\"225\" srcset=\"https:\/\/belle-epoque.org\/wp-content\/uploads\/2015\/01\/dscf4821-300x225.jpg 300w, https:\/\/belle-epoque.org\/wp-content\/uploads\/2015\/01\/dscf4821.jpg 480w\" sizes=\"auto, (max-width: 300px) 100vw, 300px\" \/><\/a><\/p>\n<p>zarabianie kabli: audio, light DMX, video, LAN<\/p>\n<p>(konektory &#8211; neutrik, kabel &#8211; klotz lub inne)<\/p>\n<p><a href=\"http:\/\/belle-epoque.org\/wp-content\/uploads\/2015\/01\/dscf4823.jpg\"><img loading=\"lazy\" decoding=\"async\" class=\"alignnone size-medium wp-image-113\" src=\"http:\/\/belle-epoque.org\/wp-content\/uploads\/2015\/01\/dscf4823-300x225.jpg\" alt=\"dscf4823\" width=\"300\" height=\"225\" srcset=\"https:\/\/belle-epoque.org\/wp-content\/uploads\/2015\/01\/dscf4823-300x225.jpg 300w, https:\/\/belle-epoque.org\/wp-content\/uploads\/2015\/01\/dscf4823.jpg 480w\" sizes=\"auto, (max-width: 300px) 100vw, 300px\" \/><\/a><\/p>\n<p>cz\u0119\u015bci zamienne do mikser\u00f3w i gramofon\u00f3w, sprzetu DJ:<\/p>\n<p>numark, gemini, vestax, technics, stanton, pioneer, denon i inne<\/p>\n<p><a href=\"http:\/\/belle-epoque.org\/wp-content\/uploads\/2015\/01\/dscf4825.jpg\"><img loading=\"lazy\" decoding=\"async\" class=\"alignnone size-medium wp-image-114\" src=\"http:\/\/belle-epoque.org\/wp-content\/uploads\/2015\/01\/dscf4825-300x225.jpg\" alt=\"dscf4825\" width=\"300\" height=\"225\" srcset=\"https:\/\/belle-epoque.org\/wp-content\/uploads\/2015\/01\/dscf4825-300x225.jpg 300w, https:\/\/belle-epoque.org\/wp-content\/uploads\/2015\/01\/dscf4825.jpg 480w\" sizes=\"auto, (max-width: 300px) 100vw, 300px\" \/><\/a><\/p>\n<p>modyfikacje, tuning sprz\u0119tu DJ<\/p>\n<p>np. gemini umx-7 z crossfader vestax,<\/p>\n<p>Technics SH-DJ1200 z INNOFADER<\/p>\n<p>&nbsp;<\/p>\n<div id=\"text656svwro\" class=\"aut abs\">\n<p>oficjalne i nieoficjalne zasilacze do mikser\u00f3w audio,sterownik\u00f3w DMX,\u00a0DJ oraz dowolnego sprz\u0119tu AGD<\/p>\n<p><a href=\"http:\/\/belle-epoque.org\/wp-content\/uploads\/2015\/01\/dscf4840.jpg\"><img loading=\"lazy\" decoding=\"async\" class=\"alignnone size-medium wp-image-115\" src=\"http:\/\/belle-epoque.org\/wp-content\/uploads\/2015\/01\/dscf4840-300x225.jpg\" alt=\"dscf4840\" width=\"300\" height=\"225\" srcset=\"https:\/\/belle-epoque.org\/wp-content\/uploads\/2015\/01\/dscf4840-300x225.jpg 300w, https:\/\/belle-epoque.org\/wp-content\/uploads\/2015\/01\/dscf4840.jpg 480w\" sizes=\"auto, (max-width: 300px) 100vw, 300px\" \/><\/a><\/p>\n<p>nieoficjalny zasilacz stanton &#8211; odpowiednik PS-13EU &#8211; SK-ONE<\/p>\n<\/div>\n<div id=\"text815zjieb\" class=\"aut abs\">\n<p>Zasilacz Vestax DC-15A do:<\/p>\n<p>PMC-05 Pro D<\/p>\n<p>PMC-05 Pro Q<\/p>\n<p>PMC-05 Pro<\/p>\n<p>PMC-05 Pro II<\/p>\n<p>PMC-05 Pro III<\/p>\n<p>PMC-05 Pro SL<\/p>\n<p>PMC-06 Pro<\/p>\n<p>PMC-06 Pro A<\/p>\n<p>PMC-06 Pro D<\/p>\n<p>&nbsp;<\/p>\n<p>Jak wys\u0142a\u0107 sprz\u0119t do naprawy?<\/p>\n<p><a href=\"http:\/\/belle-epoque.org\/wp-content\/uploads\/2015\/01\/il_fullxfull.260257133.jpg\"><img loading=\"lazy\" decoding=\"async\" class=\"alignnone size-medium wp-image-116\" src=\"http:\/\/belle-epoque.org\/wp-content\/uploads\/2015\/01\/il_fullxfull.260257133-300x225.jpg\" alt=\"il_fullxfull.260257133\" width=\"300\" height=\"225\" srcset=\"https:\/\/belle-epoque.org\/wp-content\/uploads\/2015\/01\/il_fullxfull.260257133-300x225.jpg 300w, https:\/\/belle-epoque.org\/wp-content\/uploads\/2015\/01\/il_fullxfull.260257133-1024x768.jpg 1024w, https:\/\/belle-epoque.org\/wp-content\/uploads\/2015\/01\/il_fullxfull.260257133.jpg 1500w\" sizes=\"auto, (max-width: 300px) 100vw, 300px\" \/><\/a><\/p>\n<p>1. wy\u015blij e-mail na <a href=\"mailto:bezcukru82@gmail.com\">bezcukru82@gmail.com<\/a>, a w nim:<\/p>\n<p>*model i producent sprz\u0119tu<\/p>\n<p>*opis usterki, lub\u00a0co potrzebujesz &#8211; zasilacz, cz\u0119\u015b\u0107 itd<\/p>\n<p>*odpowiadamy na e-maile do 6h<\/p>\n<p>2.\u00a0 w razie podj\u0119cia naprawy przez <i>dj<\/i>service:<\/p>\n<p>*w e-mailu zwrotnym otrzymasz adres do wysy\u0142ki sprz\u0119tu<\/p>\n<p>*zlecaj\u0105cy napraw\u0119 pokrywa koszty wysy\u0142ki w obie strony<\/p>\n<p>*zlecaj\u0105cy jest opowiedzialny za odpowiednie zapakowanie sprz\u0119tu do transportu<\/p>\n<p>3. gwarancja naprawy:<\/p>\n<p>*na ka\u017cd\u0105 wymienion\u0105 cz\u0119\u015b\u0107 udzelane jest trzy miesi\u0105ce gwarancji<\/p>\n<p>*gwarancja nie s\u0105 obj\u0119te uszkodzenia fizycze (mechaniczne) &#8211; powsta\u0142e z niew\u0142a\u015bciwego sposobu u\u017cytkowania<\/p>\n<\/div>\n","protected":false},"excerpt":{"rendered":"<p>Oferujemy naprawy sprz\u0119tu: sound and light, kontroler\u00f3w DJ (gniazda USB itd), mixer\u00f3w audio, cd player\u00f3w, gramofon\u00f3w\u00a0itd, laptop\u00f3w &#8211; gnizada zasilania itd, zarabianie kabli: audio, light DMX, video, LAN (konektory &#8211; neutrik, kabel &#8211; klotz lub inne) cz\u0119\u015bci zamienne do mikser\u00f3w i gramofon\u00f3w, sprzetu DJ: numark, gemini, vestax, technics, stanton, pioneer, denon i inne modyfikacje, tuning [&hellip;]<\/p>\n","protected":false},"author":1,"featured_media":0,"parent":0,"menu_order":0,"comment_status":"closed","ping_status":"closed","template":"","meta":{"footnotes":""},"class_list":["post-2","page","type-page","status-publish","hentry"],"_links":{"self":[{"href":"https:\/\/belle-epoque.org\/index.php?rest_route=\/wp\/v2\/pages\/2","targetHints":{"allow":["GET"]}}],"collection":[{"href":"https:\/\/belle-epoque.org\/index.php?rest_route=\/wp\/v2\/pages"}],"about":[{"href":"https:\/\/belle-epoque.org\/index.php?rest_route=\/wp\/v2\/types\/page"}],"author":[{"embeddable":true,"href":"https:\/\/belle-epoque.org\/index.php?rest_route=\/wp\/v2\/users\/1"}],"replies":[{"embeddable":true,"href":"https:\/\/belle-epoque.org\/index.php?rest_route=%2Fwp%2Fv2%2Fcomments&post=2"}],"version-history":[{"count":6,"href":"https:\/\/belle-epoque.org\/index.php?rest_route=\/wp\/v2\/pages\/2\/revisions"}],"predecessor-version":[{"id":117,"href":"https:\/\/belle-epoque.org\/index.php?rest_route=\/wp\/v2\/pages\/2\/revisions\/117"}],"wp:attachment":[{"href":"https:\/\/belle-epoque.org\/index.php?rest_route=%2Fwp%2Fv2%2Fmedia&parent=2"}],"curies":[{"name":"wp","href":"https:\/\/api.w.org\/{rel}","templated":true}]}}